{"id":331,"date":"2023-02-10T01:41:11","date_gmt":"2023-02-10T01:41:11","guid":{"rendered":"https:\/\/riveravivanco.com\/?page_id=331"},"modified":"2023-02-28T00:55:34","modified_gmt":"2023-02-28T00:55:34","slug":"ahuehuetitla","status":"publish","type":"page","link":"https:\/\/riveravivanco.com\/index.php\/ahuehuetitla\/","title":{"rendered":"AHUEHUETITLA"},"content":{"rendered":"\t\t<div data-elementor-type=\"wp-page\" data-elementor-id=\"331\" class=\"elementor elementor-331\">\n\t\t\t\t\t\t\t\t\t<section class=\"elementor-section elementor-top-section elementor-element elementor-element-25f3d0e elementor-section-boxed elementor-section-height-default elementor-section-height-default\" data-id=\"25f3d0e\" data-element_type=\"section\">\n\t\t\t\t\t\t<div class=\"elementor-container elementor-column-gap-default\">\n\t\t\t\t\t<div class=\"elementor-column elementor-col-100 elementor-top-column elementor-element elementor-element-10ab020\" data-id=\"10ab020\" data-element_type=\"column\">\n\t\t\t<div class=\"elementor-widget-wrap elementor-element-populated\">\n\t\t\t\t\t\t\t\t<div class=\"elementor-element elementor-element-128b244 elementor-widget elementor-widget-heading\" data-id=\"128b244\" data-element_type=\"widget\" data-widget_type=\"heading.default\">\n\t\t\t\t<div class=\"elementor-widget-container\">\n\t\t\t<style>\/*! elementor - v3.14.0 - 26-06-2023 *\/\n.elementor-heading-title{padding:0;margin:0;line-height:1}.elementor-widget-heading .elementor-heading-title[class*=elementor-size-]>a{color:inherit;font-size:inherit;line-height:inherit}.elementor-widget-heading .elementor-heading-title.elementor-size-small{font-size:15px}.elementor-widget-heading .elementor-heading-title.elementor-size-medium{font-size:19px}.elementor-widget-heading .elementor-heading-title.elementor-size-large{font-size:29px}.elementor-widget-heading .elementor-heading-title.elementor-size-xl{font-size:39px}.elementor-widget-heading .elementor-heading-title.elementor-size-xxl{font-size:59px}<\/style><h2 class=\"elementor-heading-title elementor-size-default\">AHUEHUETITLA<\/h2>\t\t<\/div>\n\t\t\t\t<\/div>\n\t\t\t\t<div class=\"elementor-element elementor-element-811ac90 elementor-widget elementor-widget-accordion\" data-id=\"811ac90\" data-element_type=\"widget\" data-widget_type=\"accordion.default\">\n\t\t\t\t<div class=\"elementor-widget-container\">\n\t\t\t<style>\/*! elementor - v3.14.0 - 26-06-2023 *\/\n.elementor-accordion{text-align:left}.elementor-accordion .elementor-accordion-item{border:1px solid #d5d8dc}.elementor-accordion .elementor-accordion-item+.elementor-accordion-item{border-top:none}.elementor-accordion .elementor-tab-title{margin:0;padding:15px 20px;font-weight:700;line-height:1;cursor:pointer;outline:none}.elementor-accordion .elementor-tab-title .elementor-accordion-icon{display:inline-block;width:1.5em}.elementor-accordion .elementor-tab-title .elementor-accordion-icon svg{width:1em;height:1em}.elementor-accordion .elementor-tab-title .elementor-accordion-icon.elementor-accordion-icon-right{float:right;text-align:right}.elementor-accordion .elementor-tab-title .elementor-accordion-icon.elementor-accordion-icon-left{float:left;text-align:left}.elementor-accordion .elementor-tab-title .elementor-accordion-icon .elementor-accordion-icon-closed{display:block}.elementor-accordion .elementor-tab-title .elementor-accordion-icon .elementor-accordion-icon-opened,.elementor-accordion .elementor-tab-title.elementor-active .elementor-accordion-icon-closed{display:none}.elementor-accordion .elementor-tab-title.elementor-active .elementor-accordion-icon-opened{display:block}.elementor-accordion .elementor-tab-content{display:none;padding:15px 20px;border-top:1px solid #d5d8dc}@media (max-width:767px){.elementor-accordion .elementor-tab-title{padding:12px 15px}.elementor-accordion .elementor-tab-title .elementor-accordion-icon{width:1.2em}.elementor-accordion .elementor-tab-content{padding:7px 15px}}.e-con-inner>.elementor-widget-accordion,.e-con>.elementor-widget-accordion{width:var(--container-widget-width);--flex-grow:var(--container-widget-flex-grow)}<\/style>\t\t<div class=\"elementor-accordion\">\n\t\t\t\t\t\t\t<div class=\"elementor-accordion-item\">\n\t\t\t\t\t<div id=\"elementor-tab-title-1351\" class=\"elementor-tab-title\" data-tab=\"1\" role=\"button\" aria-controls=\"elementor-tab-content-1351\" aria-expanded=\"false\">\n\t\t\t\t\t\t\t\t\t\t\t\t\t<span class=\"elementor-accordion-icon elementor-accordion-icon-left\" aria-hidden=\"true\">\n\t\t\t\t\t\t\t\t\t\t\t\t\t\t\t<span class=\"elementor-accordion-icon-closed\"><i class=\"fas fa-plus\"><\/i><\/span>\n\t\t\t\t\t\t\t\t<span class=\"elementor-accordion-icon-opened\"><i class=\"fas fa-minus\"><\/i><\/span>\n\t\t\t\t\t\t\t\t\t\t\t\t\t\t<\/span>\n\t\t\t\t\t\t\t\t\t\t\t\t<a class=\"elementor-accordion-title\" tabindex=\"0\">Poblaci\u00f3n:<\/a>\n\t\t\t\t\t<\/div>\n\t\t\t\t\t<div id=\"elementor-tab-content-1351\" class=\"elementor-tab-content elementor-clearfix\" data-tab=\"1\" role=\"region\" aria-labelledby=\"elementor-tab-title-1351\"><ul>\n<li><p style=\"text-align:justify\"><b style=\"background-color: var(--wp--preset--color--base); font-size: var(--wp--preset--font-size--medium);\"><span style=\"font-size:12.0pt; line-height:107%;font-family:Roboto;mso-bidi-font-family:&quot;Times New Roman&quot;\">Poblaci\u00f3n:<\/span><\/b><span style=\"background-color: var(--wp--preset--color--base); font-size: 12pt; line-height: 107%; font-family: Roboto;\"> 2,207<\/span><br><\/p><\/li><li>\n<p style=\"text-align:justify\"><b><span style=\"font-size:12.0pt; line-height:107%;font-family:Roboto;mso-bidi-font-family:&quot;Times New Roman&quot;\">Etimolog\u00eda:&nbsp;<\/span><\/b><span style=\"font-family: Roboto; font-size: 12pt; background-color: var(--wp--preset--color--base);\">Del N\u00e1huatl: ahuehuetl, titla&nbsp;\u2018ahuehuete, entre \u201cEntre ahuehuetes\u201d<\/span><\/p>\n<\/li>\n<\/ul><\/div>\n\t\t\t\t<\/div>\n\t\t\t\t\t\t\t<div class=\"elementor-accordion-item\">\n\t\t\t\t\t<div id=\"elementor-tab-title-1352\" class=\"elementor-tab-title\" data-tab=\"2\" role=\"button\" aria-controls=\"elementor-tab-content-1352\" aria-expanded=\"false\">\n\t\t\t\t\t\t\t\t\t\t\t\t\t<span class=\"elementor-accordion-icon elementor-accordion-icon-left\" aria-hidden=\"true\">\n\t\t\t\t\t\t\t\t\t\t\t\t\t\t\t<span class=\"elementor-accordion-icon-closed\"><i class=\"fas fa-plus\"><\/i><\/span>\n\t\t\t\t\t\t\t\t<span class=\"elementor-accordion-icon-opened\"><i class=\"fas fa-minus\"><\/i><\/span>\n\t\t\t\t\t\t\t\t\t\t\t\t\t\t<\/span>\n\t\t\t\t\t\t\t\t\t\t\t\t<a class=\"elementor-accordion-title\" tabindex=\"0\">Datos Curiosos\/ Historia:<\/a>\n\t\t\t\t\t<\/div>\n\t\t\t\t\t<div id=\"elementor-tab-content-1352\" class=\"elementor-tab-content elementor-clearfix\" data-tab=\"2\" role=\"region\" aria-labelledby=\"elementor-tab-title-1352\"><p>El municipio se encuentra atravesado por la sierra de Acatl\u00e1n. Por \u00e9l corren algunos arroyos intermitentes que desembocan en el r\u00edo\u00a0Atoyac.<\/p><p>En las regiones monta\u00f1osas existe selva baja caducifolia. Entre las especies animales del municipio est\u00e1n el\u00a0<a href=\"https:\/\/es.wikipedia.org\/wiki\/Conejo\">conejo<\/a>, la\u00a0<a href=\"https:\/\/es.wikipedia.org\/wiki\/Liebre\">liebre<\/a>, la\u00a0<a href=\"https:\/\/es.wikipedia.org\/w\/index.php?title=G%C3%BCilota_blanca&amp;action=edit&amp;redlink=1\">g\u00fcilota blanca<\/a>, la\u00a0<a href=\"https:\/\/es.wikipedia.org\/wiki\/T%C3%B3rtola\">t\u00f3rtola<\/a>, el\u00a0<a href=\"https:\/\/es.wikipedia.org\/wiki\/Coyote\">coyote<\/a>, y la\u00a0<a href=\"https:\/\/es.wikipedia.org\/w\/index.php?title=V%C3%ADbora_de_cascabel,_y_coralillo,_la_piton&amp;action=edit&amp;redlink=1\">v\u00edbora de cascabel, y coralillo, la pit\u00f3n\u00a0<\/a>y otras serpientes de nombres desconocidos, que por los campesinos son conocidas como, bejuquillo, mazacuatas, y cuijeras.<\/p><p>El monumento hist\u00f3rico m\u00e1s importante es el templo parroquial, que est\u00e1 ubicado en la cabecera municipal y data del siglo XVII.<\/p><p>La fiesta principal es el tercer viernes de\u00a0<a href=\"https:\/\/es.wikipedia.org\/wiki\/Cuaresma\">cuaresma<\/a>, que es una fecha movible y cae entre febrero y marzo.<\/p><p>En el municipio se fabrican artesan\u00edas, que consisten principalmente de alfarer\u00eda y canastas de carrizo.<\/p><p>En el municipio se cultiva principalmente el\u00a0<a href=\"https:\/\/es.wikipedia.org\/wiki\/Ma%C3%ADz\">ma\u00edz<\/a>, Frijol, Calabazas, Ajonjol\u00ed, adem\u00e1s de la\u00a0<a href=\"https:\/\/es.wikipedia.org\/wiki\/Sand%C3%ADa\">sand\u00eda<\/a>\u00a0y el\u00a0<a href=\"https:\/\/es.wikipedia.org\/wiki\/Cacahuate\">cacahuate<\/a>. Tambi\u00e9n existe importante actividad en la\u00a0<a href=\"https:\/\/es.wikipedia.org\/wiki\/Apicultura\">apicultura<\/a>; el municipio produce una miel de muy buena calidad que se exporta al resto del pa\u00eds y al extranjero.<\/p><\/div>\n\t\t\t\t<\/div>\n\t\t\t\t\t\t\t<div class=\"elementor-accordion-item\">\n\t\t\t\t\t<div id=\"elementor-tab-title-1353\" class=\"elementor-tab-title\" data-tab=\"3\" role=\"button\" aria-controls=\"elementor-tab-content-1353\" aria-expanded=\"false\">\n\t\t\t\t\t\t\t\t\t\t\t\t\t<span class=\"elementor-accordion-icon elementor-accordion-icon-left\" aria-hidden=\"true\">\n\t\t\t\t\t\t\t\t\t\t\t\t\t\t\t<span class=\"elementor-accordion-icon-closed\"><i class=\"fas fa-plus\"><\/i><\/span>\n\t\t\t\t\t\t\t\t<span class=\"elementor-accordion-icon-opened\"><i class=\"fas fa-minus\"><\/i><\/span>\n\t\t\t\t\t\t\t\t\t\t\t\t\t\t<\/span>\n\t\t\t\t\t\t\t\t\t\t\t\t<a class=\"elementor-accordion-title\" tabindex=\"0\">Gastronom\u00eda:<\/a>\n\t\t\t\t\t<\/div>\n\t\t\t\t\t<div id=\"elementor-tab-content-1353\" class=\"elementor-tab-content elementor-clearfix\" data-tab=\"3\" role=\"region\" aria-labelledby=\"elementor-tab-title-1353\"><p>Entre sus platillos m\u00e1s tradicionales se encuentran mole poblano, chilate, tamales, carne enchilada y platillos elaborados a base de elote.<\/p><\/div>\n\t\t\t\t<\/div>\n\t\t\t\t\t\t\t\t<\/div>\n\t\t\t\t<\/div>\n\t\t\t\t<\/div>\n\t\t\t\t\t<\/div>\n\t\t<\/div>\n\t\t\t\t\t\t\t<\/div>\n\t\t<\/section>\n\t\t\t\t\t\t\t<\/div>\n\t\t","protected":false},"excerpt":{"rendered":"<p>AHUEHUETITLA Poblaci\u00f3n: Poblaci\u00f3n: 2,207 Etimolog\u00eda:&nbsp;Del N\u00e1huatl: ahuehuetl, titla&nbsp;\u2018ahuehuete, entre \u201cEntre ahuehuetes\u201d Datos Curiosos\/ Historia: El municipio se encuentra atravesado por la sierra de Acatl\u00e1n. Por \u00e9l corren algunos arroyos intermitentes que desembocan en el r\u00edo&nbsp;Atoyac. En las regiones monta\u00f1osas existe selva baja caducifolia. Entre las especies animales del municipio est\u00e1n el&nbsp;conejo, la&nbsp;liebre, la&nbsp;g\u00fcilota blanca, la&nbsp;t\u00f3rtola, [&hellip;]<\/p>\n","protected":false},"author":3,"featured_media":0,"parent":0,"menu_order":0,"comment_status":"closed","ping_status":"closed","template":"elementor_canvas","meta":{"footnotes":""},"yoast_head":"<!-- This site is optimized with the Yoast SEO Premium plugin v20.1 (Yoast SEO v20.10) - https:\/\/yoast.com\/wordpress\/plugins\/seo\/ -->\n<title>AHUEHUETITLA | Mujer Transformadora<\/title>\n<meta name=\"robots\" content=\"index, follow, max-snippet:-1, max-image-preview:large, max-video-preview:-1\" \/>\n<link rel=\"canonical\" href=\"https:\/\/riveravivanco.com\/index.php\/ahuehuetitla\/\" \/>\n<meta property=\"og:locale\" content=\"en_US\" \/>\n<meta property=\"og:type\" content=\"article\" \/>\n<meta property=\"og:title\" content=\"AHUEHUETITLA\" \/>\n<meta property=\"og:description\" content=\"AHUEHUETITLA Poblaci\u00f3n: Poblaci\u00f3n: 2,207 Etimolog\u00eda:&nbsp;Del N\u00e1huatl: ahuehuetl, titla&nbsp;\u2018ahuehuete, entre \u201cEntre ahuehuetes\u201d Datos Curiosos\/ Historia: El municipio se encuentra atravesado por la sierra de Acatl\u00e1n. Por \u00e9l corren algunos arroyos intermitentes que desembocan en el r\u00edo&nbsp;Atoyac. En las regiones monta\u00f1osas existe selva baja caducifolia. Entre las especies animales del municipio est\u00e1n el&nbsp;conejo, la&nbsp;liebre, la&nbsp;g\u00fcilota blanca, la&nbsp;t\u00f3rtola, [&hellip;]\" \/>\n<meta property=\"og:url\" content=\"https:\/\/riveravivanco.com\/index.php\/ahuehuetitla\/\" \/>\n<meta property=\"og:site_name\" content=\"Mujer Transformadora\" \/>\n<meta property=\"article:publisher\" content=\"https:\/\/www.facebook.com\/ClauRiveraVivanco\" \/>\n<meta property=\"article:modified_time\" content=\"2023-02-28T00:55:34+00:00\" \/>\n<meta property=\"og:image\" content=\"https:\/\/riveravivanco.com\/wp-content\/uploads\/2023\/02\/MT2.png\" \/>\n\t<meta property=\"og:image:width\" content=\"721\" \/>\n\t<meta property=\"og:image:height\" content=\"721\" \/>\n\t<meta property=\"og:image:type\" content=\"image\/png\" \/>\n<meta name=\"twitter:card\" content=\"summary_large_image\" \/>\n<meta name=\"twitter:site\" content=\"@RiveraVivanco_\" \/>\n<meta name=\"twitter:label1\" content=\"Est. reading time\" \/>\n\t<meta name=\"twitter:data1\" content=\"2 minutes\" \/>\n<script type=\"application\/ld+json\" class=\"yoast-schema-graph\">{\"@context\":\"https:\/\/schema.org\",\"@graph\":[{\"@type\":\"WebPage\",\"@id\":\"https:\/\/riveravivanco.com\/index.php\/ahuehuetitla\/\",\"url\":\"https:\/\/riveravivanco.com\/index.php\/ahuehuetitla\/\",\"name\":\"AHUEHUETITLA | Mujer Transformadora\",\"isPartOf\":{\"@id\":\"https:\/\/riveravivanco.com\/#website\"},\"datePublished\":\"2023-02-10T01:41:11+00:00\",\"dateModified\":\"2023-02-28T00:55:34+00:00\",\"breadcrumb\":{\"@id\":\"https:\/\/riveravivanco.com\/index.php\/ahuehuetitla\/#breadcrumb\"},\"inLanguage\":\"en-US\",\"potentialAction\":[{\"@type\":\"ReadAction\",\"target\":[\"https:\/\/riveravivanco.com\/index.php\/ahuehuetitla\/\"]}]},{\"@type\":\"BreadcrumbList\",\"@id\":\"https:\/\/riveravivanco.com\/index.php\/ahuehuetitla\/#breadcrumb\",\"itemListElement\":[{\"@type\":\"ListItem\",\"position\":1,\"name\":\"Home\",\"item\":\"https:\/\/riveravivanco.com\/\"},{\"@type\":\"ListItem\",\"position\":2,\"name\":\"AHUEHUETITLA\"}]},{\"@type\":\"WebSite\",\"@id\":\"https:\/\/riveravivanco.com\/#website\",\"url\":\"https:\/\/riveravivanco.com\/\",\"name\":\"Mujer Transformadora\",\"description\":\"#Mujer Transformadora es el espacio de las mujeres poblanas y de todos aquellos que compartimos sus causas, sin importar edad, sexo o condici\u00f3n social.\",\"publisher\":{\"@id\":\"https:\/\/riveravivanco.com\/#organization\"},\"alternateName\":\"Mujer Transformadora\",\"potentialAction\":[{\"@type\":\"SearchAction\",\"target\":{\"@type\":\"EntryPoint\",\"urlTemplate\":\"https:\/\/riveravivanco.com\/?s={search_term_string}\"},\"query-input\":\"required name=search_term_string\"}],\"inLanguage\":\"en-US\"},{\"@type\":\"Organization\",\"@id\":\"https:\/\/riveravivanco.com\/#organization\",\"name\":\"Mujer Transformadora\",\"alternateName\":\"Mujer Transformadora\",\"url\":\"https:\/\/riveravivanco.com\/\",\"logo\":{\"@type\":\"ImageObject\",\"inLanguage\":\"en-US\",\"@id\":\"https:\/\/riveravivanco.com\/#\/schema\/logo\/image\/\",\"url\":\"https:\/\/riveravivanco.com\/wp-content\/uploads\/2023\/02\/cropped-MT2.png\",\"contentUrl\":\"https:\/\/riveravivanco.com\/wp-content\/uploads\/2023\/02\/cropped-MT2.png\",\"width\":512,\"height\":512,\"caption\":\"Mujer Transformadora\"},\"image\":{\"@id\":\"https:\/\/riveravivanco.com\/#\/schema\/logo\/image\/\"},\"sameAs\":[\"https:\/\/www.facebook.com\/ClauRiveraVivanco\",\"https:\/\/twitter.com\/RiveraVivanco_\",\"https:\/\/www.instagram.com\/riveravivanco_\/\",\"https:\/\/www.tiktok.com\/@riveravivanco\",\"https:\/\/www.youtube.com\/@RiveraVivanco\"]}]}<\/script>\n<!-- \/ Yoast SEO Premium plugin. -->","yoast_head_json":{"title":"AHUEHUETITLA | Mujer Transformadora","robots":{"index":"index","follow":"follow","max-snippet":"max-snippet:-1","max-image-preview":"max-image-preview:large","max-video-preview":"max-video-preview:-1"},"canonical":"https:\/\/riveravivanco.com\/index.php\/ahuehuetitla\/","og_locale":"en_US","og_type":"article","og_title":"AHUEHUETITLA","og_description":"AHUEHUETITLA Poblaci\u00f3n: Poblaci\u00f3n: 2,207 Etimolog\u00eda:&nbsp;Del N\u00e1huatl: ahuehuetl, titla&nbsp;\u2018ahuehuete, entre \u201cEntre ahuehuetes\u201d Datos Curiosos\/ Historia: El municipio se encuentra atravesado por la sierra de Acatl\u00e1n. Por \u00e9l corren algunos arroyos intermitentes que desembocan en el r\u00edo&nbsp;Atoyac. En las regiones monta\u00f1osas existe selva baja caducifolia. Entre las especies animales del municipio est\u00e1n el&nbsp;conejo, la&nbsp;liebre, la&nbsp;g\u00fcilota blanca, la&nbsp;t\u00f3rtola, [&hellip;]","og_url":"https:\/\/riveravivanco.com\/index.php\/ahuehuetitla\/","og_site_name":"Mujer Transformadora","article_publisher":"https:\/\/www.facebook.com\/ClauRiveraVivanco","article_modified_time":"2023-02-28T00:55:34+00:00","og_image":[{"width":721,"height":721,"url":"https:\/\/riveravivanco.com\/wp-content\/uploads\/2023\/02\/MT2.png","type":"image\/png"}],"twitter_card":"summary_large_image","twitter_site":"@RiveraVivanco_","twitter_misc":{"Est. reading time":"2 minutes"},"schema":{"@context":"https:\/\/schema.org","@graph":[{"@type":"WebPage","@id":"https:\/\/riveravivanco.com\/index.php\/ahuehuetitla\/","url":"https:\/\/riveravivanco.com\/index.php\/ahuehuetitla\/","name":"AHUEHUETITLA | Mujer Transformadora","isPartOf":{"@id":"https:\/\/riveravivanco.com\/#website"},"datePublished":"2023-02-10T01:41:11+00:00","dateModified":"2023-02-28T00:55:34+00:00","breadcrumb":{"@id":"https:\/\/riveravivanco.com\/index.php\/ahuehuetitla\/#breadcrumb"},"inLanguage":"en-US","potentialAction":[{"@type":"ReadAction","target":["https:\/\/riveravivanco.com\/index.php\/ahuehuetitla\/"]}]},{"@type":"BreadcrumbList","@id":"https:\/\/riveravivanco.com\/index.php\/ahuehuetitla\/#breadcrumb","itemListElement":[{"@type":"ListItem","position":1,"name":"Home","item":"https:\/\/riveravivanco.com\/"},{"@type":"ListItem","position":2,"name":"AHUEHUETITLA"}]},{"@type":"WebSite","@id":"https:\/\/riveravivanco.com\/#website","url":"https:\/\/riveravivanco.com\/","name":"Mujer Transformadora","description":"#Mujer Transformadora es el espacio de las mujeres poblanas y de todos aquellos que compartimos sus causas, sin importar edad, sexo o condici\u00f3n social.","publisher":{"@id":"https:\/\/riveravivanco.com\/#organization"},"alternateName":"Mujer Transformadora","potentialAction":[{"@type":"SearchAction","target":{"@type":"EntryPoint","urlTemplate":"https:\/\/riveravivanco.com\/?s={search_term_string}"},"query-input":"required name=search_term_string"}],"inLanguage":"en-US"},{"@type":"Organization","@id":"https:\/\/riveravivanco.com\/#organization","name":"Mujer Transformadora","alternateName":"Mujer Transformadora","url":"https:\/\/riveravivanco.com\/","logo":{"@type":"ImageObject","inLanguage":"en-US","@id":"https:\/\/riveravivanco.com\/#\/schema\/logo\/image\/","url":"https:\/\/riveravivanco.com\/wp-content\/uploads\/2023\/02\/cropped-MT2.png","contentUrl":"https:\/\/riveravivanco.com\/wp-content\/uploads\/2023\/02\/cropped-MT2.png","width":512,"height":512,"caption":"Mujer Transformadora"},"image":{"@id":"https:\/\/riveravivanco.com\/#\/schema\/logo\/image\/"},"sameAs":["https:\/\/www.facebook.com\/ClauRiveraVivanco","https:\/\/twitter.com\/RiveraVivanco_","https:\/\/www.instagram.com\/riveravivanco_\/","https:\/\/www.tiktok.com\/@riveravivanco","https:\/\/www.youtube.com\/@RiveraVivanco"]}]}},"_links":{"self":[{"href":"https:\/\/riveravivanco.com\/index.php\/wp-json\/wp\/v2\/pages\/331"}],"collection":[{"href":"https:\/\/riveravivanco.com\/index.php\/wp-json\/wp\/v2\/pages"}],"about":[{"href":"https:\/\/riveravivanco.com\/index.php\/wp-json\/wp\/v2\/types\/page"}],"author":[{"embeddable":true,"href":"https:\/\/riveravivanco.com\/index.php\/wp-json\/wp\/v2\/users\/3"}],"replies":[{"embeddable":true,"href":"https:\/\/riveravivanco.com\/index.php\/wp-json\/wp\/v2\/comments?post=331"}],"version-history":[{"count":0,"href":"https:\/\/riveravivanco.com\/index.php\/wp-json\/wp\/v2\/pages\/331\/revisions"}],"wp:attachment":[{"href":"https:\/\/riveravivanco.com\/index.php\/wp-json\/wp\/v2\/media?parent=331"}],"curies":[{"name":"wp","href":"https:\/\/api.w.org\/{rel}","templated":true}]}}