{"id":267,"date":"2023-02-07T23:10:10","date_gmt":"2023-02-07T23:10:10","guid":{"rendered":"https:\/\/riveravivanco.com\/?page_id=267"},"modified":"2023-02-28T00:57:01","modified_gmt":"2023-02-28T00:57:01","slug":"atoyatempan","status":"publish","type":"page","link":"https:\/\/riveravivanco.com\/index.php\/atoyatempan\/","title":{"rendered":"ATOYATEMPAN"},"content":{"rendered":"\t\t<div data-elementor-type=\"wp-page\" data-elementor-id=\"267\" class=\"elementor elementor-267\">\n\t\t\t\t\t\t\t\t\t<section class=\"elementor-section elementor-top-section elementor-element elementor-element-04bc36b elementor-section-boxed elementor-section-height-default elementor-section-height-default\" data-id=\"04bc36b\" data-element_type=\"section\">\n\t\t\t\t\t\t<div class=\"elementor-container elementor-column-gap-default\">\n\t\t\t\t\t<div class=\"elementor-column elementor-col-100 elementor-top-column elementor-element elementor-element-4e354d6\" data-id=\"4e354d6\" data-element_type=\"column\">\n\t\t\t<div class=\"elementor-widget-wrap elementor-element-populated\">\n\t\t\t\t\t\t\t\t<div class=\"elementor-element elementor-element-b471f5f elementor-widget elementor-widget-heading\" data-id=\"b471f5f\" data-element_type=\"widget\" data-widget_type=\"heading.default\">\n\t\t\t\t<div class=\"elementor-widget-container\">\n\t\t\t<style>\/*! elementor - v3.14.0 - 26-06-2023 *\/\n.elementor-heading-title{padding:0;margin:0;line-height:1}.elementor-widget-heading .elementor-heading-title[class*=elementor-size-]>a{color:inherit;font-size:inherit;line-height:inherit}.elementor-widget-heading .elementor-heading-title.elementor-size-small{font-size:15px}.elementor-widget-heading .elementor-heading-title.elementor-size-medium{font-size:19px}.elementor-widget-heading .elementor-heading-title.elementor-size-large{font-size:29px}.elementor-widget-heading .elementor-heading-title.elementor-size-xl{font-size:39px}.elementor-widget-heading .elementor-heading-title.elementor-size-xxl{font-size:59px}<\/style><h2 class=\"elementor-heading-title elementor-size-default\">ATOYATEMPAN\n<\/h2>\t\t<\/div>\n\t\t\t\t<\/div>\n\t\t\t\t<div class=\"elementor-element elementor-element-cd9e526 elementor-widget elementor-widget-accordion\" data-id=\"cd9e526\" data-element_type=\"widget\" data-widget_type=\"accordion.default\">\n\t\t\t\t<div class=\"elementor-widget-container\">\n\t\t\t<style>\/*! elementor - v3.14.0 - 26-06-2023 *\/\n.elementor-accordion{text-align:left}.elementor-accordion .elementor-accordion-item{border:1px solid #d5d8dc}.elementor-accordion .elementor-accordion-item+.elementor-accordion-item{border-top:none}.elementor-accordion .elementor-tab-title{margin:0;padding:15px 20px;font-weight:700;line-height:1;cursor:pointer;outline:none}.elementor-accordion .elementor-tab-title .elementor-accordion-icon{display:inline-block;width:1.5em}.elementor-accordion .elementor-tab-title .elementor-accordion-icon svg{width:1em;height:1em}.elementor-accordion .elementor-tab-title .elementor-accordion-icon.elementor-accordion-icon-right{float:right;text-align:right}.elementor-accordion .elementor-tab-title .elementor-accordion-icon.elementor-accordion-icon-left{float:left;text-align:left}.elementor-accordion .elementor-tab-title .elementor-accordion-icon .elementor-accordion-icon-closed{display:block}.elementor-accordion .elementor-tab-title .elementor-accordion-icon .elementor-accordion-icon-opened,.elementor-accordion .elementor-tab-title.elementor-active .elementor-accordion-icon-closed{display:none}.elementor-accordion .elementor-tab-title.elementor-active .elementor-accordion-icon-opened{display:block}.elementor-accordion .elementor-tab-content{display:none;padding:15px 20px;border-top:1px solid #d5d8dc}@media (max-width:767px){.elementor-accordion .elementor-tab-title{padding:12px 15px}.elementor-accordion .elementor-tab-title .elementor-accordion-icon{width:1.2em}.elementor-accordion .elementor-tab-content{padding:7px 15px}}.e-con-inner>.elementor-widget-accordion,.e-con>.elementor-widget-accordion{width:var(--container-widget-width);--flex-grow:var(--container-widget-flex-grow)}<\/style>\t\t<div class=\"elementor-accordion\">\n\t\t\t\t\t\t\t<div class=\"elementor-accordion-item\">\n\t\t\t\t\t<div id=\"elementor-tab-title-2151\" class=\"elementor-tab-title\" data-tab=\"1\" role=\"button\" aria-controls=\"elementor-tab-content-2151\" aria-expanded=\"false\">\n\t\t\t\t\t\t\t\t\t\t\t\t\t<span class=\"elementor-accordion-icon elementor-accordion-icon-left\" aria-hidden=\"true\">\n\t\t\t\t\t\t\t\t\t\t\t\t\t\t\t<span class=\"elementor-accordion-icon-closed\"><i class=\"fas fa-plus\"><\/i><\/span>\n\t\t\t\t\t\t\t\t<span class=\"elementor-accordion-icon-opened\"><i class=\"fas fa-minus\"><\/i><\/span>\n\t\t\t\t\t\t\t\t\t\t\t\t\t\t<\/span>\n\t\t\t\t\t\t\t\t\t\t\t\t<a class=\"elementor-accordion-title\" tabindex=\"0\">Poblaci\u00f3n:<\/a>\n\t\t\t\t\t<\/div>\n\t\t\t\t\t<div id=\"elementor-tab-content-2151\" class=\"elementor-tab-content elementor-clearfix\" data-tab=\"1\" role=\"region\" aria-labelledby=\"elementor-tab-title-2151\"><ul><li><p style=\"text-align: justify; line-height: normal;\"><b style=\"background-color: var(--wp--preset--color--base);\"><span style=\"font-size: 14.0pt; font-family: Roboto; mso-bidi-font-family: 'Times New Roman';\">Poblaci\u00f3n:\u00a0<\/span><\/b><span style=\"background-color: var(--wp--preset--color--base); font-size: 14pt; font-family: Roboto;\">7,704<\/span><\/p><\/li><li><p style=\"text-align: justify; line-height: normal;\"><b><span style=\"font-size: 14.0pt; font-family: Roboto; mso-bidi-font-family: 'Times New Roman';\">Etimolog\u00eda:\u00a0<\/span><\/b><span style=\"font-family: Roboto; font-size: 12pt; background-color: var(--wp--preset--color--base);\">Nahuatl:\u00a0<\/span><b style=\"font-family: Roboto; font-size: 12pt; background-color: var(--wp--preset--color--base);\">at\u00f3yatl, tentli, pan \u2018r\u00edo, orilla, sobre \u201cA la orilla del agua derramada\u201d<\/b><\/p><\/li><\/ul><\/div>\n\t\t\t\t<\/div>\n\t\t\t\t\t\t\t<div class=\"elementor-accordion-item\">\n\t\t\t\t\t<div id=\"elementor-tab-title-2152\" class=\"elementor-tab-title\" data-tab=\"2\" role=\"button\" aria-controls=\"elementor-tab-content-2152\" aria-expanded=\"false\">\n\t\t\t\t\t\t\t\t\t\t\t\t\t<span class=\"elementor-accordion-icon elementor-accordion-icon-left\" aria-hidden=\"true\">\n\t\t\t\t\t\t\t\t\t\t\t\t\t\t\t<span class=\"elementor-accordion-icon-closed\"><i class=\"fas fa-plus\"><\/i><\/span>\n\t\t\t\t\t\t\t\t<span class=\"elementor-accordion-icon-opened\"><i class=\"fas fa-minus\"><\/i><\/span>\n\t\t\t\t\t\t\t\t\t\t\t\t\t\t<\/span>\n\t\t\t\t\t\t\t\t\t\t\t\t<a class=\"elementor-accordion-title\" tabindex=\"0\">Datos Curiosos\/ Historia:<\/a>\n\t\t\t\t\t<\/div>\n\t\t\t\t\t<div id=\"elementor-tab-content-2152\" class=\"elementor-tab-content elementor-clearfix\" data-tab=\"2\" role=\"region\" aria-labelledby=\"elementor-tab-title-2152\"><p><strong>Iglesia&nbsp;del Divino Salvador<\/strong><br>El 6 de agosto, fiesta Patronal del Divino Salvador y Feria anual, fiesta en&nbsp;honor de la Virgen de la Poveda, el 18 de abril de cada a\u00f1o, que dura dos d\u00edas&nbsp;antes y despu\u00e9s de su celebraci\u00f3n, con jaripeos y tiene las caracter\u00edsticas de&nbsp;un d\u00eda de campo. El 13 de mayo, fiesta de la Virgen de F\u00e1tima. Se celebra el 15&nbsp;de septiembre las fiestas patrias, 1\u00ba y 2\u00ba de&nbsp; noviembre, conmemoraci\u00f3n del d\u00eda&nbsp;de muertos, 12 de diciembre en honor a la Virgen de Guadalupe, Navidad y a\u00f1o&nbsp;nuevo.<\/p>\n<p><strong>Cascada&nbsp;de Acatzitzimitla<\/strong><br>La Cascada de Acatzitzimitla belleza natural, a 5 kil\u00f3metros de la cabecera de Atoyatempan, al sur de esta.<\/p>\n<p><strong>Feria anual<\/strong><br>Cada a\u00f1o se lleva a cabo una fiesta en honor al Divino salvador. Esta es una de&nbsp;las festividades m\u00e1s importantes del lugar. Se realizan bailes, m\u00fasica en vivo, juegos y muchas tradiciones m\u00e1s de este pintoresco lugar.<\/p><\/div>\n\t\t\t\t<\/div>\n\t\t\t\t\t\t\t<div class=\"elementor-accordion-item\">\n\t\t\t\t\t<div id=\"elementor-tab-title-2153\" class=\"elementor-tab-title\" data-tab=\"3\" role=\"button\" aria-controls=\"elementor-tab-content-2153\" aria-expanded=\"false\">\n\t\t\t\t\t\t\t\t\t\t\t\t\t<span class=\"elementor-accordion-icon elementor-accordion-icon-left\" aria-hidden=\"true\">\n\t\t\t\t\t\t\t\t\t\t\t\t\t\t\t<span class=\"elementor-accordion-icon-closed\"><i class=\"fas fa-plus\"><\/i><\/span>\n\t\t\t\t\t\t\t\t<span class=\"elementor-accordion-icon-opened\"><i class=\"fas fa-minus\"><\/i><\/span>\n\t\t\t\t\t\t\t\t\t\t\t\t\t\t<\/span>\n\t\t\t\t\t\t\t\t\t\t\t\t<a class=\"elementor-accordion-title\" tabindex=\"0\">Gastronom\u00eda:<\/a>\n\t\t\t\t\t<\/div>\n\t\t\t\t\t<div id=\"elementor-tab-content-2153\" class=\"elementor-tab-content elementor-clearfix\" data-tab=\"3\" role=\"region\" aria-labelledby=\"elementor-tab-title-2153\"><p class=\"MsoNormal\" style=\"text-align:justify;line-height:normal\"><span style=\"font-family:Roboto;mso-bidi-font-family:&quot;Times New Roman&quot;\">En su gastronom\u00eda&nbsp;destacan los tamales de ceniza, chileatole, dulce de calabaza, ate de guayaba,&nbsp;jamoncillo y para beber mezcal, aguardiente y atole.&nbsp;<o:p><\/o:p><\/span><\/p><\/div>\n\t\t\t\t<\/div>\n\t\t\t\t\t\t\t\t<\/div>\n\t\t\t\t<\/div>\n\t\t\t\t<\/div>\n\t\t\t\t\t<\/div>\n\t\t<\/div>\n\t\t\t\t\t\t\t<\/div>\n\t\t<\/section>\n\t\t\t\t\t\t\t<\/div>\n\t\t","protected":false},"excerpt":{"rendered":"<p>ATOYATEMPAN Poblaci\u00f3n: Poblaci\u00f3n:&nbsp;7,704 Etimolog\u00eda:&nbsp;Nahuatl:&nbsp;at\u00f3yatl, tentli, pan \u2018r\u00edo, orilla, sobre \u201cA la orilla del agua derramada\u201d Datos Curiosos\/ Historia: Iglesia&nbsp;del Divino Salvador El 6 de agosto, fiesta Patronal del Divino Salvador y Feria anual, fiesta en&nbsp;honor de la Virgen de la Poveda, el 18 de abril de cada a\u00f1o, que dura dos d\u00edas&nbsp;antes y despu\u00e9s de [&hellip;]<\/p>\n","protected":false},"author":3,"featured_media":0,"parent":0,"menu_order":0,"comment_status":"closed","ping_status":"closed","template":"elementor_canvas","meta":{"footnotes":""},"yoast_head":"<!-- This site is optimized with the Yoast SEO Premium plugin v20.1 (Yoast SEO v20.10) - https:\/\/yoast.com\/wordpress\/plugins\/seo\/ -->\n<title>ATOYATEMPAN | Mujer Transformadora<\/title>\n<meta name=\"robots\" content=\"index, follow, max-snippet:-1, max-image-preview:large, max-video-preview:-1\" \/>\n<link rel=\"canonical\" href=\"https:\/\/riveravivanco.com\/index.php\/atoyatempan\/\" \/>\n<meta property=\"og:locale\" content=\"en_US\" \/>\n<meta property=\"og:type\" content=\"article\" \/>\n<meta property=\"og:title\" content=\"ATOYATEMPAN\" \/>\n<meta property=\"og:description\" content=\"ATOYATEMPAN Poblaci\u00f3n: Poblaci\u00f3n:&nbsp;7,704 Etimolog\u00eda:&nbsp;Nahuatl:&nbsp;at\u00f3yatl, tentli, pan \u2018r\u00edo, orilla, sobre \u201cA la orilla del agua derramada\u201d Datos Curiosos\/ Historia: Iglesia&nbsp;del Divino Salvador El 6 de agosto, fiesta Patronal del Divino Salvador y Feria anual, fiesta en&nbsp;honor de la Virgen de la Poveda, el 18 de abril de cada a\u00f1o, que dura dos d\u00edas&nbsp;antes y despu\u00e9s de [&hellip;]\" \/>\n<meta property=\"og:url\" content=\"https:\/\/riveravivanco.com\/index.php\/atoyatempan\/\" \/>\n<meta property=\"og:site_name\" content=\"Mujer Transformadora\" \/>\n<meta property=\"article:publisher\" content=\"https:\/\/www.facebook.com\/ClauRiveraVivanco\" \/>\n<meta property=\"article:modified_time\" content=\"2023-02-28T00:57:01+00:00\" \/>\n<meta property=\"og:image\" content=\"https:\/\/riveravivanco.com\/wp-content\/uploads\/2023\/02\/MT2.png\" \/>\n\t<meta property=\"og:image:width\" content=\"721\" \/>\n\t<meta property=\"og:image:height\" content=\"721\" \/>\n\t<meta property=\"og:image:type\" content=\"image\/png\" \/>\n<meta name=\"twitter:card\" content=\"summary_large_image\" \/>\n<meta name=\"twitter:site\" content=\"@RiveraVivanco_\" \/>\n<meta name=\"twitter:label1\" content=\"Est. reading time\" \/>\n\t<meta name=\"twitter:data1\" content=\"2 minutes\" \/>\n<script type=\"application\/ld+json\" class=\"yoast-schema-graph\">{\"@context\":\"https:\/\/schema.org\",\"@graph\":[{\"@type\":\"WebPage\",\"@id\":\"https:\/\/riveravivanco.com\/index.php\/atoyatempan\/\",\"url\":\"https:\/\/riveravivanco.com\/index.php\/atoyatempan\/\",\"name\":\"ATOYATEMPAN | Mujer Transformadora\",\"isPartOf\":{\"@id\":\"https:\/\/riveravivanco.com\/#website\"},\"datePublished\":\"2023-02-07T23:10:10+00:00\",\"dateModified\":\"2023-02-28T00:57:01+00:00\",\"breadcrumb\":{\"@id\":\"https:\/\/riveravivanco.com\/index.php\/atoyatempan\/#breadcrumb\"},\"inLanguage\":\"en-US\",\"potentialAction\":[{\"@type\":\"ReadAction\",\"target\":[\"https:\/\/riveravivanco.com\/index.php\/atoyatempan\/\"]}]},{\"@type\":\"BreadcrumbList\",\"@id\":\"https:\/\/riveravivanco.com\/index.php\/atoyatempan\/#breadcrumb\",\"itemListElement\":[{\"@type\":\"ListItem\",\"position\":1,\"name\":\"Home\",\"item\":\"https:\/\/riveravivanco.com\/\"},{\"@type\":\"ListItem\",\"position\":2,\"name\":\"ATOYATEMPAN\"}]},{\"@type\":\"WebSite\",\"@id\":\"https:\/\/riveravivanco.com\/#website\",\"url\":\"https:\/\/riveravivanco.com\/\",\"name\":\"Mujer Transformadora\",\"description\":\"#Mujer Transformadora es el espacio de las mujeres poblanas y de todos aquellos que compartimos sus causas, sin importar edad, sexo o condici\u00f3n social.\",\"publisher\":{\"@id\":\"https:\/\/riveravivanco.com\/#organization\"},\"alternateName\":\"Mujer Transformadora\",\"potentialAction\":[{\"@type\":\"SearchAction\",\"target\":{\"@type\":\"EntryPoint\",\"urlTemplate\":\"https:\/\/riveravivanco.com\/?s={search_term_string}\"},\"query-input\":\"required name=search_term_string\"}],\"inLanguage\":\"en-US\"},{\"@type\":\"Organization\",\"@id\":\"https:\/\/riveravivanco.com\/#organization\",\"name\":\"Mujer Transformadora\",\"alternateName\":\"Mujer Transformadora\",\"url\":\"https:\/\/riveravivanco.com\/\",\"logo\":{\"@type\":\"ImageObject\",\"inLanguage\":\"en-US\",\"@id\":\"https:\/\/riveravivanco.com\/#\/schema\/logo\/image\/\",\"url\":\"https:\/\/riveravivanco.com\/wp-content\/uploads\/2023\/02\/cropped-MT2.png\",\"contentUrl\":\"https:\/\/riveravivanco.com\/wp-content\/uploads\/2023\/02\/cropped-MT2.png\",\"width\":512,\"height\":512,\"caption\":\"Mujer Transformadora\"},\"image\":{\"@id\":\"https:\/\/riveravivanco.com\/#\/schema\/logo\/image\/\"},\"sameAs\":[\"https:\/\/www.facebook.com\/ClauRiveraVivanco\",\"https:\/\/twitter.com\/RiveraVivanco_\",\"https:\/\/www.instagram.com\/riveravivanco_\/\",\"https:\/\/www.tiktok.com\/@riveravivanco\",\"https:\/\/www.youtube.com\/@RiveraVivanco\"]}]}<\/script>\n<!-- \/ Yoast SEO Premium plugin. -->","yoast_head_json":{"title":"ATOYATEMPAN | Mujer Transformadora","robots":{"index":"index","follow":"follow","max-snippet":"max-snippet:-1","max-image-preview":"max-image-preview:large","max-video-preview":"max-video-preview:-1"},"canonical":"https:\/\/riveravivanco.com\/index.php\/atoyatempan\/","og_locale":"en_US","og_type":"article","og_title":"ATOYATEMPAN","og_description":"ATOYATEMPAN Poblaci\u00f3n: Poblaci\u00f3n:&nbsp;7,704 Etimolog\u00eda:&nbsp;Nahuatl:&nbsp;at\u00f3yatl, tentli, pan \u2018r\u00edo, orilla, sobre \u201cA la orilla del agua derramada\u201d Datos Curiosos\/ Historia: Iglesia&nbsp;del Divino Salvador El 6 de agosto, fiesta Patronal del Divino Salvador y Feria anual, fiesta en&nbsp;honor de la Virgen de la Poveda, el 18 de abril de cada a\u00f1o, que dura dos d\u00edas&nbsp;antes y despu\u00e9s de [&hellip;]","og_url":"https:\/\/riveravivanco.com\/index.php\/atoyatempan\/","og_site_name":"Mujer Transformadora","article_publisher":"https:\/\/www.facebook.com\/ClauRiveraVivanco","article_modified_time":"2023-02-28T00:57:01+00:00","og_image":[{"width":721,"height":721,"url":"https:\/\/riveravivanco.com\/wp-content\/uploads\/2023\/02\/MT2.png","type":"image\/png"}],"twitter_card":"summary_large_image","twitter_site":"@RiveraVivanco_","twitter_misc":{"Est. reading time":"2 minutes"},"schema":{"@context":"https:\/\/schema.org","@graph":[{"@type":"WebPage","@id":"https:\/\/riveravivanco.com\/index.php\/atoyatempan\/","url":"https:\/\/riveravivanco.com\/index.php\/atoyatempan\/","name":"ATOYATEMPAN | Mujer Transformadora","isPartOf":{"@id":"https:\/\/riveravivanco.com\/#website"},"datePublished":"2023-02-07T23:10:10+00:00","dateModified":"2023-02-28T00:57:01+00:00","breadcrumb":{"@id":"https:\/\/riveravivanco.com\/index.php\/atoyatempan\/#breadcrumb"},"inLanguage":"en-US","potentialAction":[{"@type":"ReadAction","target":["https:\/\/riveravivanco.com\/index.php\/atoyatempan\/"]}]},{"@type":"BreadcrumbList","@id":"https:\/\/riveravivanco.com\/index.php\/atoyatempan\/#breadcrumb","itemListElement":[{"@type":"ListItem","position":1,"name":"Home","item":"https:\/\/riveravivanco.com\/"},{"@type":"ListItem","position":2,"name":"ATOYATEMPAN"}]},{"@type":"WebSite","@id":"https:\/\/riveravivanco.com\/#website","url":"https:\/\/riveravivanco.com\/","name":"Mujer Transformadora","description":"#Mujer Transformadora es el espacio de las mujeres poblanas y de todos aquellos que compartimos sus causas, sin importar edad, sexo o condici\u00f3n social.","publisher":{"@id":"https:\/\/riveravivanco.com\/#organization"},"alternateName":"Mujer Transformadora","potentialAction":[{"@type":"SearchAction","target":{"@type":"EntryPoint","urlTemplate":"https:\/\/riveravivanco.com\/?s={search_term_string}"},"query-input":"required name=search_term_string"}],"inLanguage":"en-US"},{"@type":"Organization","@id":"https:\/\/riveravivanco.com\/#organization","name":"Mujer Transformadora","alternateName":"Mujer Transformadora","url":"https:\/\/riveravivanco.com\/","logo":{"@type":"ImageObject","inLanguage":"en-US","@id":"https:\/\/riveravivanco.com\/#\/schema\/logo\/image\/","url":"https:\/\/riveravivanco.com\/wp-content\/uploads\/2023\/02\/cropped-MT2.png","contentUrl":"https:\/\/riveravivanco.com\/wp-content\/uploads\/2023\/02\/cropped-MT2.png","width":512,"height":512,"caption":"Mujer Transformadora"},"image":{"@id":"https:\/\/riveravivanco.com\/#\/schema\/logo\/image\/"},"sameAs":["https:\/\/www.facebook.com\/ClauRiveraVivanco","https:\/\/twitter.com\/RiveraVivanco_","https:\/\/www.instagram.com\/riveravivanco_\/","https:\/\/www.tiktok.com\/@riveravivanco","https:\/\/www.youtube.com\/@RiveraVivanco"]}]}},"_links":{"self":[{"href":"https:\/\/riveravivanco.com\/index.php\/wp-json\/wp\/v2\/pages\/267"}],"collection":[{"href":"https:\/\/riveravivanco.com\/index.php\/wp-json\/wp\/v2\/pages"}],"about":[{"href":"https:\/\/riveravivanco.com\/index.php\/wp-json\/wp\/v2\/types\/page"}],"author":[{"embeddable":true,"href":"https:\/\/riveravivanco.com\/index.php\/wp-json\/wp\/v2\/users\/3"}],"replies":[{"embeddable":true,"href":"https:\/\/riveravivanco.com\/index.php\/wp-json\/wp\/v2\/comments?post=267"}],"version-history":[{"count":0,"href":"https:\/\/riveravivanco.com\/index.php\/wp-json\/wp\/v2\/pages\/267\/revisions"}],"wp:attachment":[{"href":"https:\/\/riveravivanco.com\/index.php\/wp-json\/wp\/v2\/media?parent=267"}],"curies":[{"name":"wp","href":"https:\/\/api.w.org\/{rel}","templated":true}]}}