{"id":240,"date":"2023-02-07T21:34:20","date_gmt":"2023-02-07T21:34:20","guid":{"rendered":"https:\/\/riveravivanco.com\/?page_id=240"},"modified":"2023-02-28T00:59:10","modified_gmt":"2023-02-28T00:59:10","slug":"huaquechula","status":"publish","type":"page","link":"https:\/\/riveravivanco.com\/index.php\/huaquechula\/","title":{"rendered":"HUAQUECHULA"},"content":{"rendered":"\t\t<div data-elementor-type=\"wp-page\" data-elementor-id=\"240\" class=\"elementor elementor-240\">\n\t\t\t\t\t\t\t\t\t<section class=\"elementor-section elementor-top-section elementor-element elementor-element-13a77d4 elementor-section-boxed elementor-section-height-default elementor-section-height-default\" data-id=\"13a77d4\" data-element_type=\"section\">\n\t\t\t\t\t\t<div class=\"elementor-container elementor-column-gap-default\">\n\t\t\t\t\t<div class=\"elementor-column elementor-col-100 elementor-top-column elementor-element elementor-element-fcd4484\" data-id=\"fcd4484\" data-element_type=\"column\">\n\t\t\t<div class=\"elementor-widget-wrap elementor-element-populated\">\n\t\t\t\t\t\t\t\t<div class=\"elementor-element elementor-element-0ea59aa elementor-widget elementor-widget-heading\" data-id=\"0ea59aa\" data-element_type=\"widget\" data-widget_type=\"heading.default\">\n\t\t\t\t<div class=\"elementor-widget-container\">\n\t\t\t<style>\/*! elementor - v3.14.0 - 26-06-2023 *\/\n.elementor-heading-title{padding:0;margin:0;line-height:1}.elementor-widget-heading .elementor-heading-title[class*=elementor-size-]>a{color:inherit;font-size:inherit;line-height:inherit}.elementor-widget-heading .elementor-heading-title.elementor-size-small{font-size:15px}.elementor-widget-heading .elementor-heading-title.elementor-size-medium{font-size:19px}.elementor-widget-heading .elementor-heading-title.elementor-size-large{font-size:29px}.elementor-widget-heading .elementor-heading-title.elementor-size-xl{font-size:39px}.elementor-widget-heading .elementor-heading-title.elementor-size-xxl{font-size:59px}<\/style><h2 class=\"elementor-heading-title elementor-size-default\">HUAQUECHULA<\/h2>\t\t<\/div>\n\t\t\t\t<\/div>\n\t\t\t\t<div class=\"elementor-element elementor-element-beac988 elementor-widget elementor-widget-accordion\" data-id=\"beac988\" data-element_type=\"widget\" data-widget_type=\"accordion.default\">\n\t\t\t\t<div class=\"elementor-widget-container\">\n\t\t\t<style>\/*! elementor - v3.14.0 - 26-06-2023 *\/\n.elementor-accordion{text-align:left}.elementor-accordion .elementor-accordion-item{border:1px solid #d5d8dc}.elementor-accordion .elementor-accordion-item+.elementor-accordion-item{border-top:none}.elementor-accordion .elementor-tab-title{margin:0;padding:15px 20px;font-weight:700;line-height:1;cursor:pointer;outline:none}.elementor-accordion .elementor-tab-title .elementor-accordion-icon{display:inline-block;width:1.5em}.elementor-accordion .elementor-tab-title .elementor-accordion-icon svg{width:1em;height:1em}.elementor-accordion .elementor-tab-title .elementor-accordion-icon.elementor-accordion-icon-right{float:right;text-align:right}.elementor-accordion .elementor-tab-title .elementor-accordion-icon.elementor-accordion-icon-left{float:left;text-align:left}.elementor-accordion .elementor-tab-title .elementor-accordion-icon .elementor-accordion-icon-closed{display:block}.elementor-accordion .elementor-tab-title .elementor-accordion-icon .elementor-accordion-icon-opened,.elementor-accordion .elementor-tab-title.elementor-active .elementor-accordion-icon-closed{display:none}.elementor-accordion .elementor-tab-title.elementor-active .elementor-accordion-icon-opened{display:block}.elementor-accordion .elementor-tab-content{display:none;padding:15px 20px;border-top:1px solid #d5d8dc}@media (max-width:767px){.elementor-accordion .elementor-tab-title{padding:12px 15px}.elementor-accordion .elementor-tab-title .elementor-accordion-icon{width:1.2em}.elementor-accordion .elementor-tab-content{padding:7px 15px}}.e-con-inner>.elementor-widget-accordion,.e-con>.elementor-widget-accordion{width:var(--container-widget-width);--flex-grow:var(--container-widget-flex-grow)}<\/style>\t\t<div class=\"elementor-accordion\">\n\t\t\t\t\t\t\t<div class=\"elementor-accordion-item\">\n\t\t\t\t\t<div id=\"elementor-tab-title-1991\" class=\"elementor-tab-title\" data-tab=\"1\" role=\"button\" aria-controls=\"elementor-tab-content-1991\" aria-expanded=\"false\">\n\t\t\t\t\t\t\t\t\t\t\t\t\t<span class=\"elementor-accordion-icon elementor-accordion-icon-left\" aria-hidden=\"true\">\n\t\t\t\t\t\t\t\t\t\t\t\t\t\t\t<span class=\"elementor-accordion-icon-closed\"><i class=\"fas fa-plus\"><\/i><\/span>\n\t\t\t\t\t\t\t\t<span class=\"elementor-accordion-icon-opened\"><i class=\"fas fa-minus\"><\/i><\/span>\n\t\t\t\t\t\t\t\t\t\t\t\t\t\t<\/span>\n\t\t\t\t\t\t\t\t\t\t\t\t<a class=\"elementor-accordion-title\" tabindex=\"0\">Poblaci\u00f3n:<\/a>\n\t\t\t\t\t<\/div>\n\t\t\t\t\t<div id=\"elementor-tab-content-1991\" class=\"elementor-tab-content elementor-clearfix\" data-tab=\"1\" role=\"region\" aria-labelledby=\"elementor-tab-title-1991\"><ul>\n<li><b><span style=\"font-size: 12.0pt; line-height: 107%; font-family: Roboto; mso-fareast-font-family: Calibri; mso-fareast-theme-font: minor-latin; mso-bidi-font-family: 'Times New Roman'; mso-ansi-language: ES-MX; mso-fareast-language: EN-US; mso-bidi-language: AR-SA;\">Poblaci\u00f3n:<\/span><\/b><span style=\"font-size: 12.0pt; line-height: 107%; font-family: Roboto; mso-fareast-font-family: Calibri; mso-fareast-theme-font: minor-latin; mso-bidi-font-family: 'Times New Roman'; mso-ansi-language: ES-MX; mso-fareast-language: EN-US; mso-bidi-language: AR-SA;\"> 29,233&nbsp;<\/span><\/li><li><b style=\"text-align: justify; background-color: var(--wp--preset--color--base); font-size: var(--wp--preset--font-size--medium);\"><span style=\"font-size: 12.0pt; font-family: Roboto; mso-bidi-font-family: 'Times New Roman';\">Etimolog\u00eda:&nbsp;<\/span><\/b><span style=\"text-align: justify; font-size: var(--wp--preset--font-size--medium); background-color: var(--wp--preset--color--base);\"><span style=\"font-size: 12pt; font-family: Roboto;\">n\u00e1huatl&nbsp;<\/span><\/span><span style=\"text-align: justify; font-size: var(--wp--preset--font-size--medium); background-color: var(--wp--preset--color--base);\"><span style=\"font-size: 12.0pt; font-family: Roboto; mso-bidi-font-family: 'Times New Roman';\">\u00abcuauhquechollan\u00bb (\u00abcuautli\u00bb = \u00e1guila; \u00abquecholli\u00bb = plumaje rico; y \u00ablan\u00bb =&nbsp;<\/span><\/span><span style=\"text-align: justify; font-size: var(--wp--preset--font-size--medium); background-color: var(--wp--preset--color--base);\"><span style=\"font-size: 12pt; font-family: Roboto;\">locativo), que significa \u201cjunto a las hermosas y ricas plumas del \u00e1guila\u201d.<\/span><\/span><\/li>\n<\/ul><\/div>\n\t\t\t\t<\/div>\n\t\t\t\t\t\t\t<div class=\"elementor-accordion-item\">\n\t\t\t\t\t<div id=\"elementor-tab-title-1992\" class=\"elementor-tab-title\" data-tab=\"2\" role=\"button\" aria-controls=\"elementor-tab-content-1992\" aria-expanded=\"false\">\n\t\t\t\t\t\t\t\t\t\t\t\t\t<span class=\"elementor-accordion-icon elementor-accordion-icon-left\" aria-hidden=\"true\">\n\t\t\t\t\t\t\t\t\t\t\t\t\t\t\t<span class=\"elementor-accordion-icon-closed\"><i class=\"fas fa-plus\"><\/i><\/span>\n\t\t\t\t\t\t\t\t<span class=\"elementor-accordion-icon-opened\"><i class=\"fas fa-minus\"><\/i><\/span>\n\t\t\t\t\t\t\t\t\t\t\t\t\t\t<\/span>\n\t\t\t\t\t\t\t\t\t\t\t\t<a class=\"elementor-accordion-title\" tabindex=\"0\">Datos Curiosos\/ Historia:<\/a>\n\t\t\t\t\t<\/div>\n\t\t\t\t\t<div id=\"elementor-tab-content-1992\" class=\"elementor-tab-content elementor-clearfix\" data-tab=\"2\" role=\"region\" aria-labelledby=\"elementor-tab-title-1992\"><p class=\"MsoNormal\" style=\"line-height: normal; background-image: initial; background-position: initial; background-size: initial; background-repeat: initial; background-attachment: initial; background-origin: initial; background-clip: initial;\"><b><span style=\"font-size: 12pt; font-family: Roboto;\">Ex-convento\u00a0de\u00a0Huaquechula<\/span><\/b><span style=\"font-size: 12pt; font-family: Roboto;\"><br \/>Data del siglo XVI cuando arribaron las primeras \u00f3rdenes religiosas a la Nueva\u00a0Espa\u00f1a. Este convento fue establecido por los\u00a0 franciscanos,\u00a0que llegaron en\u00a01530 a la zona y con la ayuda de los ind\u00edgenas empezaron su construcci\u00f3n en\u00a01531, misma que terminaron hasta 1580 cuando qued\u00f3 en manos de Fray Juan de\u00a0Alameda.<\/span><\/p><p class=\"MsoNormal\" style=\"line-height: normal; background-image: initial; background-position: initial; background-size: initial; background-repeat: initial; background-attachment: initial; background-origin: initial; background-clip: initial;\"><b><span style=\"font-size: 12pt; font-family: Roboto;\">El\u00a0z\u00f3calo<\/span><\/b><span style=\"font-size: 12pt; font-family: Roboto;\"><br \/>En el centro de Huaquechula, sitio que muestra el paso del tiempo a trav\u00e9s del\u00a0lugar. La Piedra M\u00e1scara, ubicada en el antiguo camino a San Juan\u00a0Vallarta, es\u00a0un momento irregular que representa una deidad de los antiguos habitantes de\u00a0Huaquechula. La Piedra del Coyote, en el ascenso\u00a0del r\u00edo hacia el Potrero de\u00a0Xonaca, parece representar la muerte de un\u00a0coyote que merodeaba por la regi\u00f3n, posiblemente labrada por antiguos pobladores prehisp\u00e1nicos. Tambi\u00e9n est\u00e1\u00a0la\u00a0Piedra del Sol y la Luna, en la misma zona que la Piedra del Coyote,\u00a0que\u00a0muestra en una de sus caras un eclipse de luna,\u00a0 y se piensa que\u00a0representa el\u00a0\u00e9xodo de los antiguos pobladores de la regi\u00f3n hacia otros\u00a0lugares como Cholula.<\/span><\/p><p class=\"MsoNormal\" style=\"line-height: normal; background-image: initial; background-position: initial; background-size: initial; background-repeat: initial; background-attachment: initial; background-origin: initial; background-clip: initial;\"><b><span style=\"font-size: 12pt; font-family: Roboto;\">Casa\u00a0de la Cultura llamada Cuauhquechollan<\/span><\/b><span style=\"font-size: 12pt; font-family: Roboto;\"><br \/>Ubicada en la cabecera municipal, uno de los principales atractivos culturales\u00a0de la regi\u00f3n.<\/span><\/p><p class=\"MsoNormal\" style=\"text-align: justify; line-height: normal; background-image: initial; background-position: initial; background-size: initial; background-repeat: initial; background-attachment: initial; background-origin: initial; background-clip: initial;\"><b><span style=\"font-size: 12pt; font-family: Roboto;\">Traje T\u00edpico:<\/span><\/b><\/p><p class=\"MsoNormal\" style=\"text-align: justify; line-height: normal; background-image: initial; background-position: initial; background-size: initial; background-repeat: initial; background-attachment: initial; background-origin: initial; background-clip: initial;\"><span style=\"font-family: Roboto; font-size: 12pt; background-color: var(--wp--preset--color--base);\">Huaquechula\u00a0por\u00a0<\/span><span style=\"font-family: Roboto; font-size: 12pt; background-color: var(--wp--preset--color--base);\">a\u00f1os estuvo marcado por dos barrios, el barrio de arriba\u00a0<\/span><span style=\"font-family: Roboto; font-size: 12pt; background-color: var(--wp--preset--color--base);\">(personas\u00a0ind\u00edgenas) y el barrio de abajo (personas mestizas), estas se\u00a0<\/span><span style=\"font-family: Roboto; font-size: 12pt; background-color: var(--wp--preset--color--base);\">diferenciaban por\u00a0sus trajes t\u00edpicos, la mujer del barrio de abajo usa un\u00a0<\/span><span style=\"font-family: Roboto; font-size: 12pt; background-color: var(--wp--preset--color--base);\">traje de china\u00a0huaquechulense, con falda de brocado en t\u00e9cnica de hilo\u00a0<\/span><span style=\"font-family: Roboto; font-size: 12pt; background-color: var(--wp--preset--color--base);\">flojo, camisa de manta\u00a0con bordado pepenado en color negro y rebordada con\u00a0<\/span><span style=\"font-family: Roboto; font-size: 12pt; background-color: var(--wp--preset--color--base);\">chaquira; la mujer de\u00a0barrio de arriba usa dos enredos tableados de lana a\u00a0<\/span><span style=\"font-family: Roboto; font-size: 12pt; background-color: var(--wp--preset--color--base);\">manera de falda y debajo\u00a0de estos una nahua de color blanco, blusas de\u00a0<\/span><span style=\"font-family: Roboto; font-size: 12pt; background-color: var(--wp--preset--color--base);\">pepenado en variedad de colores\u00a0(huipil, o blusa de Iztacc\u00edhuatl).<\/span><\/p><\/div>\n\t\t\t\t<\/div>\n\t\t\t\t\t\t\t<div class=\"elementor-accordion-item\">\n\t\t\t\t\t<div id=\"elementor-tab-title-1993\" class=\"elementor-tab-title\" data-tab=\"3\" role=\"button\" aria-controls=\"elementor-tab-content-1993\" aria-expanded=\"false\">\n\t\t\t\t\t\t\t\t\t\t\t\t\t<span class=\"elementor-accordion-icon elementor-accordion-icon-left\" aria-hidden=\"true\">\n\t\t\t\t\t\t\t\t\t\t\t\t\t\t\t<span class=\"elementor-accordion-icon-closed\"><i class=\"fas fa-plus\"><\/i><\/span>\n\t\t\t\t\t\t\t\t<span class=\"elementor-accordion-icon-opened\"><i class=\"fas fa-minus\"><\/i><\/span>\n\t\t\t\t\t\t\t\t\t\t\t\t\t\t<\/span>\n\t\t\t\t\t\t\t\t\t\t\t\t<a class=\"elementor-accordion-title\" tabindex=\"0\">Gastronom\u00eda:<\/a>\n\t\t\t\t\t<\/div>\n\t\t\t\t\t<div id=\"elementor-tab-content-1993\" class=\"elementor-tab-content elementor-clearfix\" data-tab=\"3\" role=\"region\" aria-labelledby=\"elementor-tab-title-1993\"><p style=\"text-align: justify;\"><span style=\"font-size: 12pt; line-height: 107%; font-family: Roboto; background-image: initial; background-position: initial; background-size: initial; background-repeat: initial; background-attachment: initial; background-origin: initial; background-clip: initial;\">Los\u00a0<\/span><span style=\"font-size: 12pt; line-height: 107%; font-family: Roboto;\"><span style=\"background-image: initial; background-position: initial; background-size: initial; background-repeat: initial; background-attachment: initial; background-origin: initial; background-clip: initial;\">principales platillos t\u00edpicos de la regi\u00f3n son: el pipi\u00e1n verde con flores de\u00a0<\/span><span style=\"background-image: initial; background-position: initial; background-size: initial; background-repeat: initial; background-attachment: initial; background-origin: initial; background-clip: initial;\">zompantle (del \u00e1rbol color\u00edn), adobo negro y tamales de ceniza con frijol\u00a0<\/span><span style=\"background-image: initial; background-position: initial; background-size: initial; background-repeat: initial; background-attachment: initial; background-origin: initial; background-clip: initial;\">ayocote. Hay varios panes conocidos como rosquetes, hojaldras, marquesotes,\u00a0<\/span><span style=\"background-image: initial; background-position: initial; background-size: initial; background-repeat: initial; background-attachment: initial; background-origin: initial; background-clip: initial;\">polvorones y el tradicional pan de muerto.\u00a0<\/span><\/span><\/p><\/div>\n\t\t\t\t<\/div>\n\t\t\t\t\t\t\t\t<\/div>\n\t\t\t\t<\/div>\n\t\t\t\t<\/div>\n\t\t\t\t\t<\/div>\n\t\t<\/div>\n\t\t\t\t\t\t\t<\/div>\n\t\t<\/section>\n\t\t\t\t\t\t\t<\/div>\n\t\t","protected":false},"excerpt":{"rendered":"<p>HUAQUECHULA Poblaci\u00f3n: Poblaci\u00f3n: 29,233&nbsp; Etimolog\u00eda:&nbsp;n\u00e1huatl&nbsp;\u00abcuauhquechollan\u00bb (\u00abcuautli\u00bb = \u00e1guila; \u00abquecholli\u00bb = plumaje rico; y \u00ablan\u00bb =&nbsp;locativo), que significa \u201cjunto a las hermosas y ricas plumas del \u00e1guila\u201d. Datos Curiosos\/ Historia: Ex-convento&nbsp;de&nbsp;Huaquechula Data del siglo XVI cuando arribaron las primeras \u00f3rdenes religiosas a la Nueva&nbsp;Espa\u00f1a. Este convento fue establecido por los&nbsp; franciscanos,&nbsp;que llegaron en&nbsp;1530 a la zona [&hellip;]<\/p>\n","protected":false},"author":3,"featured_media":0,"parent":0,"menu_order":0,"comment_status":"closed","ping_status":"closed","template":"elementor_canvas","meta":{"footnotes":""},"yoast_head":"<!-- This site is optimized with the Yoast SEO Premium plugin v20.1 (Yoast SEO v20.10) - https:\/\/yoast.com\/wordpress\/plugins\/seo\/ -->\n<title>HUAQUECHULA | Mujer Transformadora<\/title>\n<meta name=\"robots\" content=\"index, follow, max-snippet:-1, max-image-preview:large, max-video-preview:-1\" \/>\n<link rel=\"canonical\" href=\"https:\/\/riveravivanco.com\/index.php\/huaquechula\/\" \/>\n<meta property=\"og:locale\" content=\"en_US\" \/>\n<meta property=\"og:type\" content=\"article\" \/>\n<meta property=\"og:title\" content=\"HUAQUECHULA\" \/>\n<meta property=\"og:description\" content=\"HUAQUECHULA Poblaci\u00f3n: Poblaci\u00f3n: 29,233&nbsp; Etimolog\u00eda:&nbsp;n\u00e1huatl&nbsp;\u00abcuauhquechollan\u00bb (\u00abcuautli\u00bb = \u00e1guila; \u00abquecholli\u00bb = plumaje rico; y \u00ablan\u00bb =&nbsp;locativo), que significa \u201cjunto a las hermosas y ricas plumas del \u00e1guila\u201d. Datos Curiosos\/ Historia: Ex-convento&nbsp;de&nbsp;Huaquechula Data del siglo XVI cuando arribaron las primeras \u00f3rdenes religiosas a la Nueva&nbsp;Espa\u00f1a. Este convento fue establecido por los&nbsp; franciscanos,&nbsp;que llegaron en&nbsp;1530 a la zona [&hellip;]\" \/>\n<meta property=\"og:url\" content=\"https:\/\/riveravivanco.com\/index.php\/huaquechula\/\" \/>\n<meta property=\"og:site_name\" content=\"Mujer Transformadora\" \/>\n<meta property=\"article:publisher\" content=\"https:\/\/www.facebook.com\/ClauRiveraVivanco\" \/>\n<meta property=\"article:modified_time\" content=\"2023-02-28T00:59:10+00:00\" \/>\n<meta property=\"og:image\" content=\"https:\/\/riveravivanco.com\/wp-content\/uploads\/2023\/02\/MT2.png\" \/>\n\t<meta property=\"og:image:width\" content=\"721\" \/>\n\t<meta property=\"og:image:height\" content=\"721\" \/>\n\t<meta property=\"og:image:type\" content=\"image\/png\" \/>\n<meta name=\"twitter:card\" content=\"summary_large_image\" \/>\n<meta name=\"twitter:site\" content=\"@RiveraVivanco_\" \/>\n<meta name=\"twitter:label1\" content=\"Est. reading time\" \/>\n\t<meta name=\"twitter:data1\" content=\"2 minutes\" \/>\n<script type=\"application\/ld+json\" class=\"yoast-schema-graph\">{\"@context\":\"https:\/\/schema.org\",\"@graph\":[{\"@type\":\"WebPage\",\"@id\":\"https:\/\/riveravivanco.com\/index.php\/huaquechula\/\",\"url\":\"https:\/\/riveravivanco.com\/index.php\/huaquechula\/\",\"name\":\"HUAQUECHULA | Mujer Transformadora\",\"isPartOf\":{\"@id\":\"https:\/\/riveravivanco.com\/#website\"},\"datePublished\":\"2023-02-07T21:34:20+00:00\",\"dateModified\":\"2023-02-28T00:59:10+00:00\",\"breadcrumb\":{\"@id\":\"https:\/\/riveravivanco.com\/index.php\/huaquechula\/#breadcrumb\"},\"inLanguage\":\"en-US\",\"potentialAction\":[{\"@type\":\"ReadAction\",\"target\":[\"https:\/\/riveravivanco.com\/index.php\/huaquechula\/\"]}]},{\"@type\":\"BreadcrumbList\",\"@id\":\"https:\/\/riveravivanco.com\/index.php\/huaquechula\/#breadcrumb\",\"itemListElement\":[{\"@type\":\"ListItem\",\"position\":1,\"name\":\"Home\",\"item\":\"https:\/\/riveravivanco.com\/\"},{\"@type\":\"ListItem\",\"position\":2,\"name\":\"HUAQUECHULA\"}]},{\"@type\":\"WebSite\",\"@id\":\"https:\/\/riveravivanco.com\/#website\",\"url\":\"https:\/\/riveravivanco.com\/\",\"name\":\"Mujer Transformadora\",\"description\":\"#Mujer Transformadora es el espacio de las mujeres poblanas y de todos aquellos que compartimos sus causas, sin importar edad, sexo o condici\u00f3n social.\",\"publisher\":{\"@id\":\"https:\/\/riveravivanco.com\/#organization\"},\"alternateName\":\"Mujer Transformadora\",\"potentialAction\":[{\"@type\":\"SearchAction\",\"target\":{\"@type\":\"EntryPoint\",\"urlTemplate\":\"https:\/\/riveravivanco.com\/?s={search_term_string}\"},\"query-input\":\"required name=search_term_string\"}],\"inLanguage\":\"en-US\"},{\"@type\":\"Organization\",\"@id\":\"https:\/\/riveravivanco.com\/#organization\",\"name\":\"Mujer Transformadora\",\"alternateName\":\"Mujer Transformadora\",\"url\":\"https:\/\/riveravivanco.com\/\",\"logo\":{\"@type\":\"ImageObject\",\"inLanguage\":\"en-US\",\"@id\":\"https:\/\/riveravivanco.com\/#\/schema\/logo\/image\/\",\"url\":\"https:\/\/riveravivanco.com\/wp-content\/uploads\/2023\/02\/cropped-MT2.png\",\"contentUrl\":\"https:\/\/riveravivanco.com\/wp-content\/uploads\/2023\/02\/cropped-MT2.png\",\"width\":512,\"height\":512,\"caption\":\"Mujer Transformadora\"},\"image\":{\"@id\":\"https:\/\/riveravivanco.com\/#\/schema\/logo\/image\/\"},\"sameAs\":[\"https:\/\/www.facebook.com\/ClauRiveraVivanco\",\"https:\/\/twitter.com\/RiveraVivanco_\",\"https:\/\/www.instagram.com\/riveravivanco_\/\",\"https:\/\/www.tiktok.com\/@riveravivanco\",\"https:\/\/www.youtube.com\/@RiveraVivanco\"]}]}<\/script>\n<!-- \/ Yoast SEO Premium plugin. -->","yoast_head_json":{"title":"HUAQUECHULA | Mujer Transformadora","robots":{"index":"index","follow":"follow","max-snippet":"max-snippet:-1","max-image-preview":"max-image-preview:large","max-video-preview":"max-video-preview:-1"},"canonical":"https:\/\/riveravivanco.com\/index.php\/huaquechula\/","og_locale":"en_US","og_type":"article","og_title":"HUAQUECHULA","og_description":"HUAQUECHULA Poblaci\u00f3n: Poblaci\u00f3n: 29,233&nbsp; Etimolog\u00eda:&nbsp;n\u00e1huatl&nbsp;\u00abcuauhquechollan\u00bb (\u00abcuautli\u00bb = \u00e1guila; \u00abquecholli\u00bb = plumaje rico; y \u00ablan\u00bb =&nbsp;locativo), que significa \u201cjunto a las hermosas y ricas plumas del \u00e1guila\u201d. Datos Curiosos\/ Historia: Ex-convento&nbsp;de&nbsp;Huaquechula Data del siglo XVI cuando arribaron las primeras \u00f3rdenes religiosas a la Nueva&nbsp;Espa\u00f1a. Este convento fue establecido por los&nbsp; franciscanos,&nbsp;que llegaron en&nbsp;1530 a la zona [&hellip;]","og_url":"https:\/\/riveravivanco.com\/index.php\/huaquechula\/","og_site_name":"Mujer Transformadora","article_publisher":"https:\/\/www.facebook.com\/ClauRiveraVivanco","article_modified_time":"2023-02-28T00:59:10+00:00","og_image":[{"width":721,"height":721,"url":"https:\/\/riveravivanco.com\/wp-content\/uploads\/2023\/02\/MT2.png","type":"image\/png"}],"twitter_card":"summary_large_image","twitter_site":"@RiveraVivanco_","twitter_misc":{"Est. reading time":"2 minutes"},"schema":{"@context":"https:\/\/schema.org","@graph":[{"@type":"WebPage","@id":"https:\/\/riveravivanco.com\/index.php\/huaquechula\/","url":"https:\/\/riveravivanco.com\/index.php\/huaquechula\/","name":"HUAQUECHULA | Mujer Transformadora","isPartOf":{"@id":"https:\/\/riveravivanco.com\/#website"},"datePublished":"2023-02-07T21:34:20+00:00","dateModified":"2023-02-28T00:59:10+00:00","breadcrumb":{"@id":"https:\/\/riveravivanco.com\/index.php\/huaquechula\/#breadcrumb"},"inLanguage":"en-US","potentialAction":[{"@type":"ReadAction","target":["https:\/\/riveravivanco.com\/index.php\/huaquechula\/"]}]},{"@type":"BreadcrumbList","@id":"https:\/\/riveravivanco.com\/index.php\/huaquechula\/#breadcrumb","itemListElement":[{"@type":"ListItem","position":1,"name":"Home","item":"https:\/\/riveravivanco.com\/"},{"@type":"ListItem","position":2,"name":"HUAQUECHULA"}]},{"@type":"WebSite","@id":"https:\/\/riveravivanco.com\/#website","url":"https:\/\/riveravivanco.com\/","name":"Mujer Transformadora","description":"#Mujer Transformadora es el espacio de las mujeres poblanas y de todos aquellos que compartimos sus causas, sin importar edad, sexo o condici\u00f3n social.","publisher":{"@id":"https:\/\/riveravivanco.com\/#organization"},"alternateName":"Mujer Transformadora","potentialAction":[{"@type":"SearchAction","target":{"@type":"EntryPoint","urlTemplate":"https:\/\/riveravivanco.com\/?s={search_term_string}"},"query-input":"required name=search_term_string"}],"inLanguage":"en-US"},{"@type":"Organization","@id":"https:\/\/riveravivanco.com\/#organization","name":"Mujer Transformadora","alternateName":"Mujer Transformadora","url":"https:\/\/riveravivanco.com\/","logo":{"@type":"ImageObject","inLanguage":"en-US","@id":"https:\/\/riveravivanco.com\/#\/schema\/logo\/image\/","url":"https:\/\/riveravivanco.com\/wp-content\/uploads\/2023\/02\/cropped-MT2.png","contentUrl":"https:\/\/riveravivanco.com\/wp-content\/uploads\/2023\/02\/cropped-MT2.png","width":512,"height":512,"caption":"Mujer Transformadora"},"image":{"@id":"https:\/\/riveravivanco.com\/#\/schema\/logo\/image\/"},"sameAs":["https:\/\/www.facebook.com\/ClauRiveraVivanco","https:\/\/twitter.com\/RiveraVivanco_","https:\/\/www.instagram.com\/riveravivanco_\/","https:\/\/www.tiktok.com\/@riveravivanco","https:\/\/www.youtube.com\/@RiveraVivanco"]}]}},"_links":{"self":[{"href":"https:\/\/riveravivanco.com\/index.php\/wp-json\/wp\/v2\/pages\/240"}],"collection":[{"href":"https:\/\/riveravivanco.com\/index.php\/wp-json\/wp\/v2\/pages"}],"about":[{"href":"https:\/\/riveravivanco.com\/index.php\/wp-json\/wp\/v2\/types\/page"}],"author":[{"embeddable":true,"href":"https:\/\/riveravivanco.com\/index.php\/wp-json\/wp\/v2\/users\/3"}],"replies":[{"embeddable":true,"href":"https:\/\/riveravivanco.com\/index.php\/wp-json\/wp\/v2\/comments?post=240"}],"version-history":[{"count":0,"href":"https:\/\/riveravivanco.com\/index.php\/wp-json\/wp\/v2\/pages\/240\/revisions"}],"wp:attachment":[{"href":"https:\/\/riveravivanco.com\/index.php\/wp-json\/wp\/v2\/media?parent=240"}],"curies":[{"name":"wp","href":"https:\/\/api.w.org\/{rel}","templated":true}]}}